{"id":42,"date":"2010-01-21T20:29:06","date_gmt":"2010-01-21T20:29:06","guid":{"rendered":"http:\/\/ibec.tomaskincl.net\/?page_id=42"},"modified":"2015-04-18T09:04:21","modified_gmt":"2015-04-18T09:04:21","slug":"conference-venue-2","status":"publish","type":"page","link":"https:\/\/www.ibec-info.org\/2016\/conference-venue-2\/","title":{"rendered":"Conference Venue"},"content":{"rendered":"<h1>Conference Venue<\/h1>\n<p>The conference venue is the Congress Center K3N and the University Building KII at N\u00fcrtingen-Geislingen University, both located in the city center of N\u00fcrtingen, Stuttgart Metropolitan Region, Germany.<\/p>\n<div>\n<p><img loading=\"lazy\" decoding=\"async\" class=\" wp-image-1100 size-thumbnail alignleft\" src=\"http:\/\/www.ibec-info.org\/2016\/wp-content\/uploads\/2010\/01\/venue1-150x150.jpg\" alt=\"venue1\" width=\"150\" height=\"150\" \/><img loading=\"lazy\" decoding=\"async\" class=\" wp-image-1099 size-thumbnail alignleft\" src=\"http:\/\/www.ibec-info.org\/2016\/wp-content\/uploads\/2010\/01\/venue2-107x150.jpg\" alt=\"venue2\" width=\"107\" height=\"150\" \/><img loading=\"lazy\" decoding=\"async\" class=\" wp-image-1098 size-thumbnail alignleft\" src=\"http:\/\/www.ibec-info.org\/2016\/wp-content\/uploads\/2010\/01\/venue3-150x150.jpg\" alt=\"venue3\" width=\"150\" height=\"150\" \/><\/p>\n<\/div>\n<p>There are three hotels in N\u00fcrtingen proposed for the conference with special rates for IBEC:<\/p>\n<p><a href=\"http:\/\/www.hotel-am-schlossberg.de\/en\/home\" target=\"_blank\"><strong>Best Western Hotel am Schlossberg<\/strong><\/a> across the street from the university which is four star rated. Single room 96 Euro, incl. breakfast, double room 111 Euro, breakfast included.<\/p>\n<div><img loading=\"lazy\" decoding=\"async\" class=\" wp-image-1112 size-thumbnail alignleft\" src=\"http:\/\/www.ibec-info.org\/2016\/wp-content\/uploads\/2010\/01\/hotel13-150x150.jpg\" alt=\"hotel13\" width=\"150\" height=\"150\" \/> <img loading=\"lazy\" decoding=\"async\" class=\" wp-image-1113 size-thumbnail alignleft\" src=\"http:\/\/www.ibec-info.org\/2016\/wp-content\/uploads\/2010\/01\/hotel12-150x150.jpg\" alt=\"hotel12\" width=\"150\" height=\"150\" \/> <img loading=\"lazy\" decoding=\"async\" class=\" wp-image-1114 size-thumbnail alignleft\" src=\"http:\/\/www.ibec-info.org\/2016\/wp-content\/uploads\/2010\/01\/hotel11-133x150.jpg\" alt=\"hotel11\" width=\"107\" height=\"150\" \/><\/div>\n<p><a href=\"http:\/\/www.hotel-vetter.de\/en\/\" target=\"_blank\"><strong>Hotel Vetter<\/strong><\/a> (55-63 Euro single, 85-93 Euro double; incl. breakfast) walking distance (10 min.)<\/p>\n<div><img loading=\"lazy\" decoding=\"async\" class=\" wp-image-1127 size-thumbnail alignleft\" src=\"http:\/\/www.ibec-info.org\/2016\/wp-content\/uploads\/2010\/01\/hotel21-150x120.jpg\" alt=\"hotel21\" width=\"150\" height=\"120\" \/><img loading=\"lazy\" decoding=\"async\" class=\" wp-image-1126 size-thumbnail alignleft\" src=\"http:\/\/www.ibec-info.org\/2016\/wp-content\/uploads\/2010\/01\/hotel22-150x120.jpg\" alt=\"hotel22\" width=\"150\" height=\"120\" \/><img loading=\"lazy\" decoding=\"async\" class=\" wp-image-1125 size-thumbnail alignleft\" src=\"http:\/\/www.ibec-info.org\/2016\/wp-content\/uploads\/2010\/01\/hotel23-150x120.jpg\" alt=\"hotel23\" width=\"107\" height=\"120\" \/><\/div>\n<p><a href=\"http:\/\/www.hotel-pflum.de\/home.htm\" target=\"_blank\"><strong>Hotel Pflum<\/strong><\/a> (56 Euro single, 84 Euro double, incl. breakfast) walking distance (5 min.).<\/p>\n<div><img loading=\"lazy\" decoding=\"async\" class=\" size-full wp-image-1131 alignleft\" src=\"http:\/\/www.ibec-info.org\/2016\/wp-content\/uploads\/2010\/01\/hotel31.jpg\" alt=\"hotel31\" width=\"142\" height=\"129\" \/><img loading=\"lazy\" decoding=\"async\" class=\" wp-image-1130 size-thumbnail alignleft\" src=\"http:\/\/www.ibec-info.org\/2016\/wp-content\/uploads\/2010\/01\/hotel32-150x128.jpg\" alt=\"hotel32\" width=\"150\" height=\"128\" \/> <img loading=\"lazy\" decoding=\"async\" class=\" size-full wp-image-1129 alignleft\" src=\"http:\/\/www.ibec-info.org\/2016\/wp-content\/uploads\/2010\/01\/hotel33.jpg\" alt=\"hotel33\" width=\"128\" height=\"128\" \/><\/div>\n","protected":false},"excerpt":{"rendered":"<p>Conference Venue The conference venue is the Congress Center K3N and the University Building KII at N\u00fcrtingen-Geislingen University, both located in the city center of N\u00fcrtingen, Stuttgart Metropolitan Region, Germany. There are three hotels in N\u00fcrtingen proposed for the conference with special rates for IBEC: Best Western Hotel am Schlossberg across the street from the [&hellip;]<\/p>\n","protected":false},"author":1,"featured_media":0,"parent":0,"menu_order":5,"comment_status":"closed","ping_status":"closed","template":"","meta":{"footnotes":""},"class_list":["post-42","page","type-page","status-publish","hentry"],"_links":{"self":[{"href":"https:\/\/www.ibec-info.org\/2016\/wp-json\/wp\/v2\/pages\/42","targetHints":{"allow":["GET"]}}],"collection":[{"href":"https:\/\/www.ibec-info.org\/2016\/wp-json\/wp\/v2\/pages"}],"about":[{"href":"https:\/\/www.ibec-info.org\/2016\/wp-json\/wp\/v2\/types\/page"}],"author":[{"embeddable":true,"href":"https:\/\/www.ibec-info.org\/2016\/wp-json\/wp\/v2\/users\/1"}],"replies":[{"embeddable":true,"href":"https:\/\/www.ibec-info.org\/2016\/wp-json\/wp\/v2\/comments?post=42"}],"version-history":[{"count":67,"href":"https:\/\/www.ibec-info.org\/2016\/wp-json\/wp\/v2\/pages\/42\/revisions"}],"predecessor-version":[{"id":1139,"href":"https:\/\/www.ibec-info.org\/2016\/wp-json\/wp\/v2\/pages\/42\/revisions\/1139"}],"wp:attachment":[{"href":"https:\/\/www.ibec-info.org\/2016\/wp-json\/wp\/v2\/media?parent=42"}],"curies":[{"name":"wp","href":"https:\/\/api.w.org\/{rel}","templated":true}]}}