{"id":210,"date":"2012-10-07T02:34:29","date_gmt":"2012-10-07T02:34:29","guid":{"rendered":"http:\/\/www.ibec-info.org\/2011\/?page_id=210"},"modified":"2013-03-01T06:21:14","modified_gmt":"2013-03-01T06:21:14","slug":"proceedings","status":"publish","type":"page","link":"https:\/\/www.ibec-info.org\/2011\/proceedings\/","title":{"rendered":"Proceedings"},"content":{"rendered":"<h3><strong>Session 1.2<\/strong><\/h3>\n<p><em><a href=\"http:\/\/www.ibec-info.org\/2011\/wp-content\/uploads\/2012\/10\/Altschuller.doc\">Organizational approaches to global brand equity in 3-D virtual worlds: Second life<\/a><br \/>\n<\/em>Donald Moscato, Iona College (USA)<br \/>\nShoshana Altschuler, Iona College (USA)<br \/>\nDiana M.E. Boekman, Utrecht University of Applied Sciences (NL)<\/p>\n<p><em><a href=\"http:\/\/www.ibec-info.org\/2011\/wp-content\/uploads\/2012\/10\/Petrausch.doc\">Organizational teams and communication: Reaching new audiences in the 21st century<\/a><br \/>\n<\/em>Robert Petrausch, Iona College (USA)<\/p>\n<p><em><a href=\"http:\/\/www.ibec-info.org\/2011\/wp-content\/uploads\/2012\/10\/Strach-Kincl-Car-Scrapping-Schemes-on-template-on-1102.docx\">Cash for clunkers: Does it stimulate car markets?<\/a><br \/>\n<\/em>Pavel \u0160trach, V\u0160E, University of Management and Economics (The Czech Republic)<br \/>\nTom\u00e1\u0161 Kincl, V\u0160E, University of Management and Economics (The Czech Republic)<\/p>\n<p><em>Determinants and growth of foreign direct investment flows to Brazil, Russia, India and China (BRIC) countries<br \/>\n<\/em>Manfra Pellegrino, Queensborough Community College (USA)<\/p>\n<p><em>Judgmental-accounting education needs for senior managers of first-time IFRS adopters<br \/>\n<\/em>Jay Kang, San Francisco State University (USA)<\/p>\n<h3><strong>Session 1.3\u00a0<\/strong><\/h3>\n<p><em><a href=\"http:\/\/www.ibec-info.org\/2011\/wp-content\/uploads\/2012\/10\/noguera.doc\">The determinants of cash for Latin American firms<\/a><br \/>\n<\/em>Magdy C. Noguera, Southeastern Louisiana University (USA)<br \/>\nCarlos Omar Trejo Pech, Universidad Panamericana at Guadalajara, (M\u00e9xico)<\/p>\n<p><em><a href=\"http:\/\/www.ibec-info.org\/2011\/wp-content\/uploads\/2012\/10\/jaiswaldale-pliego-01resub-Jan111.doc\">Demonstrating the implementation of AACSB\u2019s AOL process in a derivative finance course<\/a><br \/>\n<\/em>Ameeta Jaiswal-Dale, University of St. Thomas (USA)<br \/>\nGerman Pliego, University of St. Thomas (USA)<\/p>\n<p><em><\/em><a href=\"http:\/\/www.ibec-info.org\/2011\/wp-content\/uploads\/2012\/10\/Jarque-PhD-IBEC-2011.pdf\">Domestic Business Groups, Foreign MNEs and Economic Development in Emerging Market Economies: Analyzing Mexico\u2019s Largest Firms<\/a><em><br \/>\n<\/em>Eduardo Jarque, The University of Tokyo (Japan)<\/p>\n<p><em><a href=\"http:\/\/www.ibec-info.org\/2011\/wp-content\/uploads\/2012\/10\/lagunes.doc\">Acumulaci\u00f3n de capacidades tecnol\u00f3gicas para la competitividad internacional<\/a><br \/>\n(Accumulation of\u00a0<\/em><em>technological capabilities for international competitiveness: A case study on the beer industry in Mexico)<br \/>\n<\/em>Sergio Garcilazo Lagunes, Universidad Panamericana at Mexico City (M\u00e9xico)<\/p>\n<p><em><a href=\"http:\/\/www.ibec-info.org\/2011\/wp-content\/uploads\/2012\/10\/pulido.docx\">Desarrollo de habilidades empresariales en microempresarios rurales de Angahuan, Michoac\u00e1n, M\u00e9xico: Un caso de estudio<\/a><br \/>\n(Business training for rural micro entrepreneurs in Angahaun, Michoac\u00e1n, M\u00e9xico: A case study)<br \/>\n<\/em>Mar\u00eda Gpe. Torres Pulido, Universidad Panamericana at Guadalajara (M\u00e9xico)<br \/>\nRosario Athi\u00e9 Lambarri, Universidad Panamericana at Guadalajara (M\u00e9xico)<\/p>\n<p><em><\/em><a href=\"http:\/\/www.ibec-info.org\/2011\/wp-content\/uploads\/2012\/10\/IBECconference-paper-sent-infor-jan-6.doc\">Nursing students preparation in pain management and their delivery of culturally competent pain management<\/a><em><br \/>\n<\/em>Deborah Mawhirter, Adelphi University (USA)<br \/>\nRobert Manley, Dowling College (USA)<\/p>\n<h3><strong>Session 1.5<\/strong><\/h3>\n<p><em><a href=\"http:\/\/www.ibec-info.org\/2011\/wp-content\/uploads\/2012\/10\/haber.doc\">The financial crisis: Did the market go to 1?<\/a><br \/>\n<\/em>Jeffry Haber, Iona College (USA)<\/p>\n<p><em><a href=\"http:\/\/www.ibec-info.org\/2011\/wp-content\/uploads\/2012\/10\/laopodis.doc\">Real interest rate linkages and capital market integration: Evidence from the Americas<\/a><br \/>\n<\/em>Bharat Bhalla, Fairfield University (USA)<br \/>\nAnand Shetty, Iona College (USA)<\/p>\n<p><em><a href=\"http:\/\/www.ibec-info.org\/2011\/wp-content\/uploads\/2012\/10\/higuera.doc\">Public school district leadership within a dynamic economy: Sustaining public educational programs as a means to intergenerational equity<\/a><br \/>\n<\/em>Shane Higuera, Dowling College (USA)<\/p>\n<h3><strong>Session 2.2<\/strong><\/h3>\n<p><em><a href=\"http:\/\/www.ibec-info.org\/2011\/wp-content\/uploads\/2012\/10\/sainz-fernandez.doc\">An application of the Black-Scholes (Osborne-Samuelson) continuous time stochastic model in the Mexican Stock Exchange<\/a><br \/>\n<\/em>Manuel S\u00e1inz, Universidad Panamericana at Aguascalientes (M\u00e9xico)<br \/>\nNetzahualc\u00f3yotl Casta\u00f1eda, Universidad Aut\u00f3noma de Aguascalientes (M\u00e9xico)<br \/>\nErick Trevi\u00f1o, Universidad de Guanajuato (M\u00e9xico)<br \/>\nCarlos Omar Trejo-Pech, Universidad Panamericana at Guadalajara (M\u00e9xico)<\/p>\n<p><em>Cubic Zipf distribution of market shares<br \/>\n<\/em>Fernando Buend\u00eda, Universidad Panamericana at Guadalajara (M\u00e9xico)<br \/>\nCristina Eccius Wellmann, Universidad Panamericana at Guadalajara (M\u00e9xico)<\/p>\n<p><em><a href=\"http:\/\/www.ibec-info.org\/2011\/wp-content\/uploads\/2012\/10\/manley-j.docx\">The impact of the great recession on the diversification results of the United States social security program<\/a><br \/>\n<\/em>John Manley, Iona College (USA)<br \/>\nEleni Mariola, Iona College (USA)<\/p>\n<p><em><a href=\"http:\/\/www.ibec-info.org\/2011\/wp-content\/uploads\/2012\/10\/moscato-d.docx\">Entering the virtual world \u2013 A tutorial<\/a><br \/>\n<\/em>Donald Moscato, Iona College (USA)<\/p>\n<h3><strong>Session 2.3<\/strong><\/h3>\n<p><em><a href=\"http:\/\/www.ibec-info.org\/2011\/wp-content\/uploads\/2012\/10\/fang.doc\">Critical database concepts for XBRL<\/a><br \/>\n<\/em>Jianing Fang, Iona College (USA)<\/p>\n<p><em>Activity-Based responsibility accounting systems: The schema of accounts<br \/>\n<\/em>Jay Kang, San Francisco State University (USA)<\/p>\n<p><em><a href=\"http:\/\/www.ibec-info.org\/2011\/wp-content\/uploads\/2012\/10\/wojtas.docx\">The leadership effectiveness of executive directors in chambers of commerce on Long Island, New York<\/a><br \/>\n<\/em>Gary Wojtas, Long Island Association (USA)<br \/>\nAlbert Inserra, Dowling College (USA)<br \/>\nElsa Sofia Morote, Dowling College (USA)<\/p>\n<h3><strong>Session 2.4<\/strong><\/h3>\n<p><em><a href=\"http:\/\/www.ibec-info.org\/2011\/wp-content\/uploads\/2012\/10\/raman.doc\">Nursing student commitment to the nursing profession, self concept, support from faculty and their academic success<\/a><br \/>\n<\/em>Janet Raman, Adelphi University (USA)<br \/>\nRobert J. Manley, Dowling College (USA)<\/p>\n<p><em><a href=\"http:\/\/www.ibec-info.org\/2011\/wp-content\/uploads\/2012\/10\/wellmann1.doc\">Algebra skills in business schools, misconceptions, misapplications, and weakness of students<\/a><br \/>\n<\/em>Cristina Eccius Wellmann, Universidad Panamericana at Guadalajara (M\u00e9xico)<\/p>\n<p><em><a href=\"http:\/\/www.ibec-info.org\/2011\/wp-content\/uploads\/2012\/10\/gonzalez.doc\">A Contrast of Ethical Attitudes and Practices Between Aviation Students at Schools With and Without an Ethics Course for Pilots<\/a><br \/>\n<\/em>Ramon Gonzalez, Farmingdale State University (USA)<br \/>\nRichard Walter, Dowling College (USA)<\/p>\n<p><em><a href=\"http:\/\/www.ibec-info.org\/2011\/wp-content\/uploads\/2012\/10\/manley-r.doc\">Indian, Mexican and USA management students interpret moral leadership for a global economy<\/a><br \/>\n<\/em>Robert Manley, Dowling College (USA)<\/p>\n<p><em><a href=\"http:\/\/www.ibec-info.org\/2011\/wp-content\/uploads\/2012\/10\/monsalvo.docx\">Experiencias en la gesti\u00f3n de la innovaci\u00f3n: Metodolog\u00edas y capacidades para la competitividad<\/a><br \/>\n<\/em><em>(Experiences managing innovation in Mexico: Methodologies and capabilities for competitiveness, the case of Premio Nacional de Tecnologia)<br \/>\n<\/em>Carlos L\u00f3pez Monsalvo, ITESO, Jesuist University in Guadalajara (M\u00e9xico)<br \/>\n\u00c1lvaro Pedroza Zapata, ITESO, Jesuist University in Guadalajara (M\u00e9xico)<\/p>\n<p><em>A comparison of high school teachers\u2019 perceptions of their principal\u2019s instructional leadership behavior in high and low achieving schools and student achievement<br \/>\n<\/em>Fulton Theodore, Dowling College (USA)<br \/>\nWalter Richard, Dowling College (USA)<br \/>\nInserra Albert, Dowling College (USA)<br \/>\n<em><\/em><\/p>\n","protected":false},"excerpt":{"rendered":"<p>Session 1.2 Organizational approaches to global brand equity in 3-D virtual worlds: Second life Donald Moscato, Iona College (USA) Shoshana Altschuler, Iona College (USA) Diana M.E. Boekman, Utrecht University of Applied Sciences (NL) Organizational teams and communication: Reaching new audiences in the 21st century Robert Petrausch, Iona College (USA) Cash for clunkers: Does it stimulate [&hellip;]<\/p>\n","protected":false},"author":1,"featured_media":0,"parent":0,"menu_order":95,"comment_status":"closed","ping_status":"closed","template":"","meta":{"footnotes":""},"class_list":["post-210","page","type-page","status-publish","hentry"],"_links":{"self":[{"href":"https:\/\/www.ibec-info.org\/2011\/wp-json\/wp\/v2\/pages\/210","targetHints":{"allow":["GET"]}}],"collection":[{"href":"https:\/\/www.ibec-info.org\/2011\/wp-json\/wp\/v2\/pages"}],"about":[{"href":"https:\/\/www.ibec-info.org\/2011\/wp-json\/wp\/v2\/types\/page"}],"author":[{"embeddable":true,"href":"https:\/\/www.ibec-info.org\/2011\/wp-json\/wp\/v2\/users\/1"}],"replies":[{"embeddable":true,"href":"https:\/\/www.ibec-info.org\/2011\/wp-json\/wp\/v2\/comments?post=210"}],"version-history":[{"count":13,"href":"https:\/\/www.ibec-info.org\/2011\/wp-json\/wp\/v2\/pages\/210\/revisions"}],"predecessor-version":[{"id":213,"href":"https:\/\/www.ibec-info.org\/2011\/wp-json\/wp\/v2\/pages\/210\/revisions\/213"}],"wp:attachment":[{"href":"https:\/\/www.ibec-info.org\/2011\/wp-json\/wp\/v2\/media?parent=210"}],"curies":[{"name":"wp","href":"https:\/\/api.w.org\/{rel}","templated":true}]}}